{"id":37,"date":"2015-04-14T12:23:12","date_gmt":"2015-04-14T12:23:12","guid":{"rendered":"http:\/\/www.feitlclub-fasslberg.at\/cms\/?page_id=37"},"modified":"2015-05-30T11:14:49","modified_gmt":"2015-05-30T11:14:49","slug":"geschichte","status":"publish","type":"page","link":"http:\/\/www.feitlclub-fasslberg.at\/cms\/?page_id=37","title":{"rendered":"Geschichte"},"content":{"rendered":"<p><strong>Entstehung des Feitlclub\u00a0<\/strong><strong>Fasslberg<\/strong><\/p>\n<p style=\"text-align: justify;\">Als vor vielen Jahren Herr Norbert Mautner Nachwuchs bekam lud er aus diesem feierlichen Anlass einige Kollegen zum Gasthaus Altes Fassl ein. Um seinen Nachwuchs geb\u00fchrend zu feiern spendierte er seinen Freunden eine Kiste Bier. Es sei angemerkt, dass sich zu diesem Zeitpunkt noch 25 Flaschen in einer Kiste befanden.<\/p>\n<p style=\"text-align: justify;\">Seine Gro\u00dfz\u00fcgigkeit war jedoch nur geliehen, denn sollte einer der Anwesenden, Mit-Trinkenden, auf das WC m\u00fcssen um sich zu erleichtern, musste dieser die Kiste mit einer vollen Flasche Bier auff\u00fcllen. So wurde es f\u00fcr die Feiernden unm\u00f6glich die Kiste zu leeren. Begeistert von dieser Idee machte Herr Franz Unger um 5 Uhr morgens den Vorschlag einen Verein zu gr\u00fcnden. Aus diesem Grund schlug Herr Karl Hammer vor einen <strong>Feitlclub<\/strong> zu gr\u00fcnden. Dieser grandiose Vorschlag wurde sofort einstimmig angenommen. Aus diesem gem\u00fctlichen Beisammensein unter Freunden und dem \u00a0Enthusiasmus der Anwesenden wurde dann der <strong>Feitlclub-Fasslberg<\/strong> gegr\u00fcndet. Offiziell erfolgte dann die Eintragung des Vereins am 20. J\u00e4nner im Jahr 1972.<\/p>\n<p>Die <strong>Gr\u00fcndungsmitglieder<\/strong> waren:<\/p>\n<ul>\n<li>Herr Walter Fries<\/li>\n<li>Herr Emil Pachatz<\/li>\n<li>Herr Karl Hammer<\/li>\n<li>Herr Franz Pachernegg<\/li>\n<li>Herr Norbert Mautner<\/li>\n<li>Herr Johann Pritz<\/li>\n<li>Herr Stefan Moik<\/li>\n<li>Herr Franz Unger<\/li>\n<li>Herr Johann Monschein<\/li>\n<\/ul>\n<p>&nbsp;<\/p>\n","protected":false},"excerpt":{"rendered":"<p>Entstehung des Feitlclub\u00a0Fasslberg Als vor vielen Jahren Herr Norbert Mautner Nachwuchs bekam lud er aus diesem feierlichen Anlass einige Kollegen zum Gasthaus Altes Fassl ein. Um seinen Nachwuchs geb\u00fchrend zu feiern spendierte er seinen Freunden eine Kiste Bier. Es sei angemerkt, dass sich zu diesem Zeitpunkt noch 25 Flaschen in einer Kiste befanden. Seine Gro\u00dfz\u00fcgigkeit [&hellip;]<\/p>\n","protected":false},"author":1,"featured_media":0,"parent":0,"menu_order":1,"comment_status":"closed","ping_status":"closed","template":"","meta":{"footnotes":""},"class_list":["post-37","page","type-page","status-publish","hentry"],"_links":{"self":[{"href":"http:\/\/www.feitlclub-fasslberg.at\/cms\/index.php?rest_route=\/wp\/v2\/pages\/37","targetHints":{"allow":["GET"]}}],"collection":[{"href":"http:\/\/www.feitlclub-fasslberg.at\/cms\/index.php?rest_route=\/wp\/v2\/pages"}],"about":[{"href":"http:\/\/www.feitlclub-fasslberg.at\/cms\/index.php?rest_route=\/wp\/v2\/types\/page"}],"author":[{"embeddable":true,"href":"http:\/\/www.feitlclub-fasslberg.at\/cms\/index.php?rest_route=\/wp\/v2\/users\/1"}],"replies":[{"embeddable":true,"href":"http:\/\/www.feitlclub-fasslberg.at\/cms\/index.php?rest_route=%2Fwp%2Fv2%2Fcomments&post=37"}],"version-history":[{"count":3,"href":"http:\/\/www.feitlclub-fasslberg.at\/cms\/index.php?rest_route=\/wp\/v2\/pages\/37\/revisions"}],"predecessor-version":[{"id":63,"href":"http:\/\/www.feitlclub-fasslberg.at\/cms\/index.php?rest_route=\/wp\/v2\/pages\/37\/revisions\/63"}],"wp:attachment":[{"href":"http:\/\/www.feitlclub-fasslberg.at\/cms\/index.php?rest_route=%2Fwp%2Fv2%2Fmedia&parent=37"}],"curies":[{"name":"wp","href":"https:\/\/api.w.org\/{rel}","templated":true}]}}